{"id":2956,"date":"2021-04-27T14:50:55","date_gmt":"2021-04-27T12:50:55","guid":{"rendered":"https:\/\/electrumappliances.eu\/product\/uh611lb\/"},"modified":"2023-03-13T16:20:50","modified_gmt":"2023-03-13T15:20:50","slug":"uh611lb","status":"publish","type":"product","link":"https:\/\/electrumappliances.eu\/fr\/product\/uh611lb\/","title":{"rendered":"UH611LB"},"content":{"rendered":"<p>[et_pb_section fb_built=\u00a0\u00bb1&Prime; _builder_version=\u00a0\u00bb4.9.3&Prime; _module_preset=\u00a0\u00bbdefault\u00a0\u00bb custom_margin=\u00a0\u00bb0px||0px||false|false\u00a0\u00bb custom_padding=\u00a0\u00bb0px||0px||false|false\u00a0\u00bb][et_pb_row column_structure=\u00a0\u00bb1_3,2_3&Prime; _builder_version=\u00a0\u00bb4.9.3&Prime; _module_preset=\u00a0\u00bbdefault\u00a0\u00bb][et_pb_column type=\u00a0\u00bb1_3&Prime; _builder_version=\u00a0\u00bb4.9.3&Prime; _module_preset=\u00a0\u00bbdefault\u00a0\u00bb][et_pb_gallery gallery_ids=\u00a0\u00bb949,1215,952&Prime; show_title_and_caption=\u00a0\u00bboff\u00a0\u00bb show_pagination=\u00a0\u00bboff\u00a0\u00bb hover_icon=\u00a0\u00bb%%186%%\u00a0\u00bb admin_label=\u00a0\u00bbGalerij\u00a0\u00bb module_class=\u00a0\u00bbsoapboxer-productgalerij\u00a0\u00bb _builder_version=\u00a0\u00bb4.9.4&Prime; _module_preset=\u00a0\u00bbdefault\u00a0\u00bb hover_transition_speed_curve=\u00a0\u00bbease-in\u00a0\u00bb hover_enabled=\u00a0\u00bb0&Prime; saved_tabs=\u00a0\u00bball\u00a0\u00bb sticky_enabled=\u00a0\u00bb0&Prime;][\/et_pb_gallery][\/et_pb_column][et_pb_column type=\u00a0\u00bb2_3&Prime; _builder_version=\u00a0\u00bb4.9.3&Prime; _module_preset=\u00a0\u00bbdefault\u00a0\u00bb][et_pb_text module_class=\u00a0\u00bbsoapboxer-producttekst\u00a0\u00bb _builder_version=\u00a0\u00bb4.9.4&Prime; _module_preset=\u00a0\u00bbdefault\u00a0\u00bb]<\/p>\n<p>La hotte aspirante UH611w\/b\/x sous encastrable a une largeur de 60 cm, elle est \u00e9quip\u00e9e de trois vitesses et d&rsquo;un \u00e9clairage. La hotte aspirante est \u00e9galement adapt\u00e9e \u00e0 la recirculation avec un filtre \u00e0 charbon.<\/p>\n<p>La hotte filtre ensuite l&rsquo;air de votre cuisine et le renvoie propre dans la pi\u00e8ce. Pratique lorsque vous n&rsquo;avez pas de sortie d&rsquo;air vers l&rsquo;ext\u00e9rieur.<\/p>\n<p>Pour ce faire, utilisez le filtre \u00e0 charbon ACF007, disponible s\u00e9par\u00e9ment.<\/p>\n<p>[\/et_pb_text][et_pb_accordion icon_color=\u00a0\u00bb#3D6775&Prime; use_icon_font_size=\u00a0\u00bbon\u00a0\u00bb icon_font_size=\u00a0\u00bb24px\u00a0\u00bb admin_label=\u00a0\u00bbKenmerken\u00a0\u00bb module_class=\u00a0\u00bbsoapboxer-productaccordion\u00a0\u00bb _builder_version=\u00a0\u00bb4.9.4&Prime; _module_preset=\u00a0\u00bbdefault\u00a0\u00bb][et_pb_accordion_item title=\u00a0\u00bb(invisible)\u00a0\u00bb open=\u00a0\u00bbon\u00a0\u00bb _builder_version=\u00a0\u00bb4.9.3&Prime; _module_preset=\u00a0\u00bbdefault\u00a0\u00bb custom_css_main_element=\u00a0\u00bbdisplay:none;\u00a0\u00bb][\/et_pb_accordion_item][et_pb_accordion_item title=\u00a0\u00bbCaract\u00e9ristiques\u00a0\u00bb _builder_version=\u00a0\u00bb4.9.4&Prime; _module_preset=\u00a0\u00bbdefault\u00a0\u00bb open=\u00a0\u00bboff\u00a0\u00bb]<\/p>\n<ul>\n<li>Classe \u00e9nergie : D<\/li>\n<li>Vitesses : 3<\/li>\n<li>Afstandsbediening: Neen<\/li>\n<li>Auto uitschakeling: Neen<\/li>\n<li>Ind. verzadigde vetfilter: Neen<\/li>\n<li>Ind. koolfilter: Neen<\/li>\n<li>Lampe LED : 1<\/li>\n<li>Puissance LED (W): 2,80<\/li>\n<li>Type filtre : Acrylic<\/li>\n<li>Aantal lagen (Aluminium filter): &#8211;<\/li>\n<li>Evacuation (mm): 120<\/li>\n<li>Ref. filtre charbon : ACF007<\/li>\n<\/ul>\n<p>[\/et_pb_accordion_item][et_pb_accordion_item title=\u00a0\u00bbCommande\u00a0\u00bb _builder_version=\u00a0\u00bb4.9.4&Prime; _module_preset=\u00a0\u00bbdefault\u00a0\u00bb open=\u00a0\u00bboff\u00a0\u00bb]<\/p>\n<ul>\n<li>Elektronische bediening: Neen<\/li>\n<li>Display: Neen<\/li>\n<li>Timer: Neen<\/li>\n<li>Booster: Neen<\/li>\n<\/ul>\n<p>[\/et_pb_accordion_item][et_pb_accordion_item title=\u00a0\u00bbPrestations\u00a0\u00bb _builder_version=\u00a0\u00bb4.9.4&Prime; _module_preset=\u00a0\u00bbdefault\u00a0\u00bb open=\u00a0\u00bboff\u00a0\u00bb]<\/p>\n<ul>\n<li>Classe moteur: E<\/li>\n<li>Classe \u00e9clairage : C<\/li>\n<li>Classe filtre graisse : D<\/li>\n<li>Aspiration (m\u00b3\/h): 131 &#8211; 231<\/li>\n<li>Niveau sonore (dBA): 49 &#8211; 62<\/li>\n<li>Consommation (kWh\/y): 63,00<\/li>\n<li>Puissance moteur (W): 130<\/li>\n<li>Raccordement (V &#8211; Hz): 220\/240 &#8211; 50<\/li>\n<\/ul>\n<p>[\/et_pb_accordion_item][et_pb_accordion_item title=\u00a0\u00bbUitvoering\u00a0\u00bb _builder_version=\u00a0\u00bb4.9.4&Prime; _module_preset=\u00a0\u00bbdefault\u00a0\u00bb open=\u00a0\u00bboff\u00a0\u00bb]<\/p>\n<ul>\n<li>Couleur : Noir<\/li>\n<li>Bedieningspaneel: SL09<\/li>\n<\/ul>\n<p>[\/et_pb_accordion_item][et_pb_accordion_item title=\u00a0\u00bbEnvoie\u00a0\u00bb _builder_version=\u00a0\u00bb4.9.4&Prime; _module_preset=\u00a0\u00bbdefault\u00a0\u00bb open=\u00a0\u00bboff\u00a0\u00bb]<\/p>\n<ul>\n<li>L x P x H (mm)\n<ul>\n<li>Net: 600 x 505 x 150<\/li>\n<li>Brut : 650 x 540 x 190<\/li>\n<\/ul>\n<\/li>\n<li>Poids (kg)\n<ul>\n<li>Net: 5.63<\/li>\n<li>Brut: 6.37<\/li>\n<\/ul>\n<\/li>\n<li>Hoev.\n<ul>\n<li>Pallet (100 x 120): 40<\/li>\n<li>20&prime;: &#8211;<\/li>\n<li>40&prime;: &#8211;<\/li>\n<li>40&rsquo;HC: &#8211;<\/li>\n<\/ul>\n<\/li>\n<li>EAN 5425025905539<\/li>\n<\/ul>\n<p>[\/et_pb_accordion_item][et_pb_accordion_item title=\u00a0\u00bbMode d&#039;emploi\u00a0\u00bb _builder_version=\u00a0\u00bb4.9.4&Prime; _module_preset=\u00a0\u00bbdefault\u00a0\u00bb open=\u00a0\u00bboff\u00a0\u00bb]<\/p>\n<p><a href=\"https:\/\/electrumappliances.eu\/wp-content\/uploads\/2021\/04\/UH611LB-Instruction-manual.pdf\" rel=\"attachment wp-att-953\">UH611LB &#8211; Instruction manual#<\/a><\/p>\n<p>[\/et_pb_accordion_item][\/et_pb_accordion][\/et_pb_column][\/et_pb_row][\/et_pb_section]<\/p>\n","protected":false},"featured_media":2799,"menu_order":1,"template":"","meta":{"_acf_changed":false,"_et_pb_use_builder":"on","_et_pb_old_content":"","_et_gb_content_width":""},"producttype":[39],"class_list":["post-2956","product","type-product","status-publish","has-post-thumbnail","hentry","producttype-hottes-fr"],"acf":[],"_links":{"self":[{"href":"https:\/\/electrumappliances.eu\/fr\/wp-json\/wp\/v2\/product\/2956","targetHints":{"allow":["GET"]}}],"collection":[{"href":"https:\/\/electrumappliances.eu\/fr\/wp-json\/wp\/v2\/product"}],"about":[{"href":"https:\/\/electrumappliances.eu\/fr\/wp-json\/wp\/v2\/types\/product"}],"wp:featuredmedia":[{"embeddable":true,"href":"https:\/\/electrumappliances.eu\/fr\/wp-json\/wp\/v2\/media\/2799"}],"wp:attachment":[{"href":"https:\/\/electrumappliances.eu\/fr\/wp-json\/wp\/v2\/media?parent=2956"}],"wp:term":[{"taxonomy":"producttype","embeddable":true,"href":"https:\/\/electrumappliances.eu\/fr\/wp-json\/wp\/v2\/producttype?post=2956"}],"curies":[{"name":"wp","href":"https:\/\/api.w.org\/{rel}","templated":true}]}}